{"id":23365,"date":"2025-04-26T18:39:43","date_gmt":"2025-04-26T18:39:43","guid":{"rendered":"https:\/\/labicharraka.cl\/tienda\/?post_type=product&#038;p=23365"},"modified":"2025-06-21T01:55:55","modified_gmt":"2025-06-21T01:55:55","slug":"crybaby-x-powerpuff-girls","status":"publish","type":"product","link":"https:\/\/labicharraka.cl\/tienda\/producto\/crybaby-x-powerpuff-girls\/","title":{"rendered":"CRYBABY x Powerpuff Girls"},"content":{"rendered":"<p id=\"tl_2\" class=\"p1\" align=\"start\" data-spm-anchor-id=\"a2g0o.detail.1000023.i0.5f8coSnKoSnKtQ\">Nombre del producto: Caja ciega de felpa con cara de vinilo serie CRYBABY x Powerpuff Girls<\/p>\n<p id=\"tl_3\" class=\"p1\" align=\"start\">Marca: POP MART<\/p>\n<p id=\"tl_4\" class=\"p1\" align=\"start\">Edad: 8+<\/p>\n<p id=\"tl_5\" class=\"p1\" align=\"start\">Tama\u00f1o: aproximadamente 5,5*9*5,5 cm<\/p>\n<p id=\"tl_6\" class=\"p1\" align=\"start\">Relleno: 90% fibra de poli\u00e9ster, 10% im\u00e1n<\/p>\n<p id=\"tl_7\" class=\"p1\" align=\"start\">Carcasa: 65% fibra de poli\u00e9ster, 35% PVC<\/p>\n","protected":false},"excerpt":{"rendered":"<p>Nombre del producto: Caja ciega de felpa con cara de vinilo serie CRYBABY x Powerpuff Girls Marca: POP MART Edad: 8+ Tama\u00f1o: aproximadamente 5,5*9*5,5 cm Relleno: 90% fibra de poli\u00e9ster, 10% im\u00e1n Carcasa: 65% fibra de poli\u00e9ster, 35% PVC<\/p>\n","protected":false},"featured_media":23367,"comment_status":"open","ping_status":"closed","template":"","meta":{"_et_pb_use_builder":"","_et_pb_old_content":"","_et_gb_content_width":"","jetpack_publicize_message":"","jetpack_publicize_feature_enabled":true,"jetpack_social_post_already_shared":true,"jetpack_social_options":{"image_generator_settings":{"template":"highway","default_image_id":0,"font":"","enabled":false},"version":2}},"product_brand":[],"product_cat":[143],"product_tag":[],"class_list":{"0":"post-23365","1":"product","2":"type-product","3":"status-publish","4":"has-post-thumbnail","6":"product_cat-blind-box","8":"first","9":"instock","10":"shipping-taxable","11":"purchasable","12":"product-type-simple"},"jetpack_publicize_connections":[],"jetpack_sharing_enabled":true,"_links":{"self":[{"href":"https:\/\/labicharraka.cl\/tienda\/wp-json\/wp\/v2\/product\/23365","targetHints":{"allow":["GET"]}}],"collection":[{"href":"https:\/\/labicharraka.cl\/tienda\/wp-json\/wp\/v2\/product"}],"about":[{"href":"https:\/\/labicharraka.cl\/tienda\/wp-json\/wp\/v2\/types\/product"}],"replies":[{"embeddable":true,"href":"https:\/\/labicharraka.cl\/tienda\/wp-json\/wp\/v2\/comments?post=23365"}],"wp:featuredmedia":[{"embeddable":true,"href":"https:\/\/labicharraka.cl\/tienda\/wp-json\/wp\/v2\/media\/23367"}],"wp:attachment":[{"href":"https:\/\/labicharraka.cl\/tienda\/wp-json\/wp\/v2\/media?parent=23365"}],"wp:term":[{"taxonomy":"product_brand","embeddable":true,"href":"https:\/\/labicharraka.cl\/tienda\/wp-json\/wp\/v2\/product_brand?post=23365"},{"taxonomy":"product_cat","embeddable":true,"href":"https:\/\/labicharraka.cl\/tienda\/wp-json\/wp\/v2\/product_cat?post=23365"},{"taxonomy":"product_tag","embeddable":true,"href":"https:\/\/labicharraka.cl\/tienda\/wp-json\/wp\/v2\/product_tag?post=23365"}],"curies":[{"name":"wp","href":"https:\/\/api.w.org\/{rel}","templated":true}]}}