{"id":20421,"date":"2022-09-13T21:36:16","date_gmt":"2022-09-13T21:36:16","guid":{"rendered":"https:\/\/labicharraka.cl\/tienda\/?post_type=product&#038;p=20421"},"modified":"2024-04-24T21:44:27","modified_gmt":"2024-04-24T21:44:27","slug":"cinturon-grinza","status":"publish","type":"product","link":"https:\/\/labicharraka.cl\/tienda\/producto\/cinturon-grinza\/","title":{"rendered":"Cintur\u00f3n Grinza"},"content":{"rendered":"<p><em>Ajustable en la cintura.\u00a0<\/em><em>Enviar al correo o en la secci\u00f3n de notas al pedido, las medidas seg\u00fan el modelo de arn\u00e9s que se necesita para hacerlo a su medida.\u00a0<\/em><\/p>\n<p><em><strong>Enviar medidas en cent\u00edmetros: Cintura.<\/strong><\/em><\/p>\n","protected":false},"excerpt":{"rendered":"<p><span style=\"color: #800080;\"><em><strong>Arn\u00e9s de cuerina\/charol vegana con argollas y cadenas de metal (n\u00edquel)<\/strong><\/em><\/span><\/p>\n","protected":false},"featured_media":20379,"comment_status":"open","ping_status":"closed","template":"","meta":{"_et_pb_use_builder":"","_et_pb_old_content":"","_et_gb_content_width":"","jetpack_publicize_message":"","jetpack_publicize_feature_enabled":true,"jetpack_social_post_already_shared":false,"jetpack_social_options":{"image_generator_settings":{"template":"highway","default_image_id":0,"font":"","enabled":false},"version":2}},"product_brand":[],"product_cat":[31,32,35],"product_tag":[],"class_list":{"0":"post-20421","1":"product","2":"type-product","3":"status-publish","4":"has-post-thumbnail","6":"product_cat-accesorios","7":"product_cat-arnes-y-complementos","8":"product_cat-cinturones","10":"first","11":"instock","12":"shipping-taxable","13":"purchasable","14":"product-type-variable"},"jetpack_publicize_connections":[],"jetpack_sharing_enabled":true,"_links":{"self":[{"href":"https:\/\/labicharraka.cl\/tienda\/wp-json\/wp\/v2\/product\/20421","targetHints":{"allow":["GET"]}}],"collection":[{"href":"https:\/\/labicharraka.cl\/tienda\/wp-json\/wp\/v2\/product"}],"about":[{"href":"https:\/\/labicharraka.cl\/tienda\/wp-json\/wp\/v2\/types\/product"}],"replies":[{"embeddable":true,"href":"https:\/\/labicharraka.cl\/tienda\/wp-json\/wp\/v2\/comments?post=20421"}],"wp:featuredmedia":[{"embeddable":true,"href":"https:\/\/labicharraka.cl\/tienda\/wp-json\/wp\/v2\/media\/20379"}],"wp:attachment":[{"href":"https:\/\/labicharraka.cl\/tienda\/wp-json\/wp\/v2\/media?parent=20421"}],"wp:term":[{"taxonomy":"product_brand","embeddable":true,"href":"https:\/\/labicharraka.cl\/tienda\/wp-json\/wp\/v2\/product_brand?post=20421"},{"taxonomy":"product_cat","embeddable":true,"href":"https:\/\/labicharraka.cl\/tienda\/wp-json\/wp\/v2\/product_cat?post=20421"},{"taxonomy":"product_tag","embeddable":true,"href":"https:\/\/labicharraka.cl\/tienda\/wp-json\/wp\/v2\/product_tag?post=20421"}],"curies":[{"name":"wp","href":"https:\/\/api.w.org\/{rel}","templated":true}]}}