{"id":20261,"date":"2022-09-09T20:40:38","date_gmt":"2022-09-09T20:40:38","guid":{"rendered":"https:\/\/labicharraka.cl\/tienda\/?post_type=product&#038;p=20261"},"modified":"2024-08-16T16:21:57","modified_gmt":"2024-08-16T16:21:57","slug":"arnes-chain-gothic","status":"publish","type":"product","link":"https:\/\/labicharraka.cl\/tienda\/producto\/arnes-chain-gothic\/","title":{"rendered":"Arn\u00e9s Chain Gothic"},"content":{"rendered":"<p><em>Ajustable en hombros y cintura. Enviar al correo o en la secci\u00f3n de notas al pedido, las medidas seg\u00fan el modelo de arn\u00e9s que se necesita para hacerlo a su medida.<\/em><\/p>\n<p><em><strong>Enviar medidas en cent\u00edmetros: Bajo busto.<\/strong><\/em><\/p>\n","protected":false},"excerpt":{"rendered":"<p><span style=\"color: #800080;\"><em><strong>Arn\u00e9s de cuerina\/charol vegana con argollas y cadenas de metal (n\u00edquel)<\/strong><\/em><\/span><\/p>\n","protected":false},"featured_media":20163,"comment_status":"open","ping_status":"closed","template":"","meta":{"_et_pb_use_builder":"","_et_pb_old_content":"","_et_gb_content_width":"","jetpack_publicize_message":"","jetpack_publicize_feature_enabled":true,"jetpack_social_post_already_shared":false,"jetpack_social_options":{"image_generator_settings":{"template":"highway","default_image_id":0,"font":"","enabled":false},"version":2}},"product_brand":[],"product_cat":[31,32],"product_tag":[],"class_list":{"0":"post-20261","1":"product","2":"type-product","3":"status-publish","4":"has-post-thumbnail","6":"product_cat-accesorios","7":"product_cat-arnes-y-complementos","9":"first","10":"instock","11":"shipping-taxable","12":"purchasable","13":"product-type-variable"},"jetpack_publicize_connections":[],"jetpack_sharing_enabled":true,"_links":{"self":[{"href":"https:\/\/labicharraka.cl\/tienda\/wp-json\/wp\/v2\/product\/20261","targetHints":{"allow":["GET"]}}],"collection":[{"href":"https:\/\/labicharraka.cl\/tienda\/wp-json\/wp\/v2\/product"}],"about":[{"href":"https:\/\/labicharraka.cl\/tienda\/wp-json\/wp\/v2\/types\/product"}],"replies":[{"embeddable":true,"href":"https:\/\/labicharraka.cl\/tienda\/wp-json\/wp\/v2\/comments?post=20261"}],"wp:featuredmedia":[{"embeddable":true,"href":"https:\/\/labicharraka.cl\/tienda\/wp-json\/wp\/v2\/media\/20163"}],"wp:attachment":[{"href":"https:\/\/labicharraka.cl\/tienda\/wp-json\/wp\/v2\/media?parent=20261"}],"wp:term":[{"taxonomy":"product_brand","embeddable":true,"href":"https:\/\/labicharraka.cl\/tienda\/wp-json\/wp\/v2\/product_brand?post=20261"},{"taxonomy":"product_cat","embeddable":true,"href":"https:\/\/labicharraka.cl\/tienda\/wp-json\/wp\/v2\/product_cat?post=20261"},{"taxonomy":"product_tag","embeddable":true,"href":"https:\/\/labicharraka.cl\/tienda\/wp-json\/wp\/v2\/product_tag?post=20261"}],"curies":[{"name":"wp","href":"https:\/\/api.w.org\/{rel}","templated":true}]}}