{"id":164,"date":"2020-03-25T03:05:58","date_gmt":"2020-03-25T03:05:58","guid":{"rendered":"http:\/\/labicharraka.cl\/tienda\/?page_id=164"},"modified":"2024-12-04T17:50:21","modified_gmt":"2024-12-04T17:50:21","slug":"contacto","status":"publish","type":"page","link":"https:\/\/labicharraka.cl\/tienda\/contacto\/","title":{"rendered":"Contacto"},"content":{"rendered":"<p>[et_pb_section fb_built=\u00bb1&#8243; _builder_version=\u00bb4.17.4&#8243; _module_preset=\u00bbdefault\u00bb background_enable_image=\u00bboff\u00bb width=\u00bb100%\u00bb width_tablet=\u00bb\u00bb width_phone=\u00bb100%\u00bb width_last_edited=\u00bbon|phone\u00bb max_width=\u00bb100%\u00bb module_alignment=\u00bbright\u00bb min_height=\u00bb177px\u00bb height=\u00bb156px\u00bb max_height=\u00bb1000px\u00bb background_last_edited=\u00bboff|phone\u00bb module_alignment_last_edited=\u00bboff|phone\u00bb global_colors_info=\u00bb{}\u00bb][et_pb_row _builder_version=\u00bb4.17.4&#8243; _module_preset=\u00bbdefault\u00bb global_colors_info=\u00bb{}\u00bb][et_pb_column type=\u00bb4_4&#8243; _builder_version=\u00bb4.17.4&#8243; _module_preset=\u00bbdefault\u00bb global_colors_info=\u00bb{}\u00bb][et_pb_text _builder_version=\u00bb4.17.4&#8243; _module_preset=\u00bbdefault\u00bb text_font=\u00bbAnnie Use Your Telescope||||||||\u00bb text_text_color=\u00bb#8300E9&#8243; text_font_size=\u00bb72px\u00bb text_letter_spacing=\u00bb22px\u00bb text_line_height=\u00bb2.1em\u00bb width=\u00bb100%\u00bb max_width=\u00bb100%\u00bb text_text_shadow_style=\u00bbpreset2&#8243; text_text_shadow_horizontal_length=\u00bb-0.07em\u00bb global_colors_info=\u00bb{}\u00bb]<\/p>\n<h1 style=\"text-align: center;\">CONTACTO-CONTACTO-CONTACTO<\/h1>\n<p>[\/et_pb_text][\/et_pb_column][\/et_pb_row][\/et_pb_section][et_pb_section fb_built=\u00bb1&#8243; admin_label=\u00bbMap\u00bb _builder_version=\u00bb4.16&#8243; _module_preset=\u00bbdefault\u00bb background_color=\u00bb#F8F4F1&#8243; custom_padding=\u00bb0px||0px|||\u00bb global_colors_info=\u00bb{}\u00bb][et_pb_row column_structure=\u00bb1_2,1_2&#8243; _builder_version=\u00bb4.17.4&#8243; _module_preset=\u00bbdefault\u00bb global_colors_info=\u00bb{}\u00bb][et_pb_column type=\u00bb1_2&#8243; _builder_version=\u00bb4.17.4&#8243; _module_preset=\u00bbdefault\u00bb global_colors_info=\u00bb{}\u00bb][et_pb_code _builder_version=\u00bb4.17.4&#8243; _module_preset=\u00bbdefault\u00bb global_colors_info=\u00bb{}\u00bb]<iframe src=\"https:\/\/www.google.com\/maps\/embed?pb=!1m18!1m12!1m3!1d3329.436910379!2d-70.64178844953788!3d-33.43792190416054!2m3!1f0!2f0!3f0!3m2!1i1024!2i768!4f13.1!3m3!1m2!1s0x9662c51b974d9411%3A0xe0be21d14fdc0e65!2sLa%20bicharraka!5e0!3m2!1ses!2scl!4v1653889772635!5m2!1ses!2scl\" width=\"600\" height=\"450\" style=\"border:0;\" allowfullscreen=\"\" loading=\"lazy\" referrerpolicy=\"no-referrer-when-downgrade\"><\/iframe>[\/et_pb_code][\/et_pb_column][et_pb_column type=\u00bb1_2&#8243; _builder_version=\u00bb4.17.4&#8243; _module_preset=\u00bbdefault\u00bb global_colors_info=\u00bb{}\u00bb][et_pb_contact_form captcha=\u00bboff\u00bb _builder_version=\u00bb4.17.4&#8243; _module_preset=\u00bbdefault\u00bb _unique_id=\u00bb711df78f-eaf1-42f8-894d-a600640b7f73&#8243; form_field_background_color=\u00bb#FFFFFF\u00bb form_field_text_color=\u00bb#000000&#8243; form_field_focus_text_color=\u00bb#000000&#8243; captcha_font=\u00bbAmaranth||||||||\u00bb border_radii=\u00bbon|18px|18px|18px|18px\u00bb border_color_all=\u00bb#000000&#8243; global_colors_info=\u00bb{}\u00bb][et_pb_contact_field field_id=\u00bbName\u00bb field_title=\u00bbNombre\u00bb _builder_version=\u00bb4.16&#8243; global_colors_info=\u00bb{}\u00bb button_text_size__hover_enabled=\u00bboff\u00bb button_one_text_size__hover_enabled=\u00bboff\u00bb button_two_text_size__hover_enabled=\u00bboff\u00bb button_text_color__hover_enabled=\u00bboff\u00bb button_one_text_color__hover_enabled=\u00bboff\u00bb button_two_text_color__hover_enabled=\u00bboff\u00bb button_border_width__hover_enabled=\u00bboff\u00bb button_one_border_width__hover_enabled=\u00bboff\u00bb button_two_border_width__hover_enabled=\u00bboff\u00bb button_border_color__hover_enabled=\u00bboff\u00bb button_one_border_color__hover_enabled=\u00bboff\u00bb button_two_border_color__hover_enabled=\u00bboff\u00bb button_border_radius__hover_enabled=\u00bboff\u00bb button_one_border_radius__hover_enabled=\u00bboff\u00bb button_two_border_radius__hover_enabled=\u00bboff\u00bb button_letter_spacing__hover_enabled=\u00bboff\u00bb button_one_letter_spacing__hover_enabled=\u00bboff\u00bb button_two_letter_spacing__hover_enabled=\u00bboff\u00bb button_bg_color__hover_enabled=\u00bboff\u00bb button_one_bg_color__hover_enabled=\u00bboff\u00bb button_two_bg_color__hover_enabled=\u00bboff\u00bb][\/et_pb_contact_field][et_pb_contact_field field_id=\u00bbEmail\u00bb field_title=\u00bbEmail\u00bb field_type=\u00bbemail\u00bb _builder_version=\u00bb4.17.4&#8243; global_colors_info=\u00bb{}\u00bb button_text_size__hover_enabled=\u00bboff\u00bb button_one_text_size__hover_enabled=\u00bboff\u00bb button_two_text_size__hover_enabled=\u00bboff\u00bb button_text_color__hover_enabled=\u00bboff\u00bb button_one_text_color__hover_enabled=\u00bboff\u00bb button_two_text_color__hover_enabled=\u00bboff\u00bb button_border_width__hover_enabled=\u00bboff\u00bb button_one_border_width__hover_enabled=\u00bboff\u00bb button_two_border_width__hover_enabled=\u00bboff\u00bb button_border_color__hover_enabled=\u00bboff\u00bb button_one_border_color__hover_enabled=\u00bboff\u00bb button_two_border_color__hover_enabled=\u00bboff\u00bb button_border_radius__hover_enabled=\u00bboff\u00bb button_one_border_radius__hover_enabled=\u00bboff\u00bb button_two_border_radius__hover_enabled=\u00bboff\u00bb button_letter_spacing__hover_enabled=\u00bboff\u00bb button_one_letter_spacing__hover_enabled=\u00bboff\u00bb button_two_letter_spacing__hover_enabled=\u00bboff\u00bb button_bg_color__hover_enabled=\u00bboff\u00bb button_one_bg_color__hover_enabled=\u00bboff\u00bb button_two_bg_color__hover_enabled=\u00bboff\u00bb][\/et_pb_contact_field][et_pb_contact_field field_id=\u00bbMessage\u00bb field_title=\u00bbMensaje\u00bb field_type=\u00bbtext\u00bb fullwidth_field=\u00bbon\u00bb _builder_version=\u00bb4.16&#8243; global_colors_info=\u00bb{}\u00bb button_text_size__hover_enabled=\u00bboff\u00bb button_one_text_size__hover_enabled=\u00bboff\u00bb button_two_text_size__hover_enabled=\u00bboff\u00bb button_text_color__hover_enabled=\u00bboff\u00bb button_one_text_color__hover_enabled=\u00bboff\u00bb button_two_text_color__hover_enabled=\u00bboff\u00bb button_border_width__hover_enabled=\u00bboff\u00bb button_one_border_width__hover_enabled=\u00bboff\u00bb button_two_border_width__hover_enabled=\u00bboff\u00bb button_border_color__hover_enabled=\u00bboff\u00bb button_one_border_color__hover_enabled=\u00bboff\u00bb button_two_border_color__hover_enabled=\u00bboff\u00bb button_border_radius__hover_enabled=\u00bboff\u00bb button_one_border_radius__hover_enabled=\u00bboff\u00bb button_two_border_radius__hover_enabled=\u00bboff\u00bb button_letter_spacing__hover_enabled=\u00bboff\u00bb button_one_letter_spacing__hover_enabled=\u00bboff\u00bb button_two_letter_spacing__hover_enabled=\u00bboff\u00bb button_bg_color__hover_enabled=\u00bboff\u00bb button_one_bg_color__hover_enabled=\u00bboff\u00bb button_two_bg_color__hover_enabled=\u00bboff\u00bb][\/et_pb_contact_field][\/et_pb_contact_form][\/et_pb_column][\/et_pb_row][\/et_pb_section][et_pb_section fb_built=\u00bb1&#8243; _builder_version=\u00bb4.17.4&#8243; _module_preset=\u00bbdefault\u00bb background_image=\u00bbhttps:\/\/labicharraka.cl\/tienda\/wp-content\/uploads\/2022\/05\/Ilustracio\u0301n-dgra.png\u00bb width=\u00bb100%\u00bb width_tablet=\u00bb\u00bb width_phone=\u00bb100%\u00bb width_last_edited=\u00bbon|phone\u00bb max_width=\u00bb100%\u00bb module_alignment=\u00bbright\u00bb min_height=\u00bb100px\u00bb height=\u00bb234px\u00bb max_height=\u00bb1000px\u00bb background_last_edited=\u00bboff|phone\u00bb module_alignment_last_edited=\u00bboff|phone\u00bb global_colors_info=\u00bb{}\u00bb][et_pb_row _builder_version=\u00bb4.17.4&#8243; _module_preset=\u00bbdefault\u00bb global_colors_info=\u00bb{}\u00bb][et_pb_column type=\u00bb4_4&#8243; _builder_version=\u00bb4.17.4&#8243; _module_preset=\u00bbdefault\u00bb global_colors_info=\u00bb{}\u00bb][\/et_pb_column][\/et_pb_row][\/et_pb_section][et_pb_section fb_built=\u00bb1&#8243; custom_padding_last_edited=\u00bbon|tablet\u00bb admin_label=\u00bbFooter\u00bb _builder_version=\u00bb4.16&#8243; _module_preset=\u00bbdefault\u00bb background_color=\u00bb#141414&#8243; background_image=\u00bbhttps:\/\/labicharraka.cl\/tienda\/wp-content\/uploads\/2022\/05\/boutique_36.png\u00bb background_size=\u00bbcontain\u00bb background_position=\u00bbbottom_center\u00bb custom_padding=\u00bb100px||||false|false\u00bb custom_padding_tablet=\u00bb50px||||false|false\u00bb custom_padding_phone=\u00bb||||false|false\u00bb saved_tabs=\u00bball\u00bb locked=\u00bboff\u00bb global_colors_info=\u00bb{}\u00bb][et_pb_row column_structure=\u00bb1_4,1_4,1_4,1_4&#8243; _builder_version=\u00bb4.16&#8243; _module_preset=\u00bbdefault\u00bb global_colors_info=\u00bb{}\u00bb][et_pb_column type=\u00bb1_4&#8243; _builder_version=\u00bb4.16&#8243; _module_preset=\u00bbdefault\u00bb global_colors_info=\u00bb{}\u00bb][et_pb_text _builder_version=\u00bb4.17.4&#8243; _module_preset=\u00bbdefault\u00bb header_font=\u00bb||||||||\u00bb header_5_font=\u00bbDidact Gothic||||||||\u00bb header_5_text_color=\u00bb#FFFFFF\u00bb header_5_font_size=\u00bb24px\u00bb header_5_line_height=\u00bb1.1em\u00bb custom_margin=\u00bb||10px||false|false\u00bb header_5_font_size_tablet=\u00bb16px\u00bb header_5_font_size_phone=\u00bb\u00bb header_5_font_size_last_edited=\u00bbon|desktop\u00bb header_5_line_height_tablet=\u00bb1.2em\u00bb header_5_line_height_phone=\u00bb\u00bb header_5_line_height_last_edited=\u00bbon|phone\u00bb locked=\u00bboff\u00bb global_colors_info=\u00bb{}\u00bb]<\/p>\n<p><img data-recalc-dims=\"1\" loading=\"lazy\" decoding=\"async\" data-attachment-id=\"18823\" data-permalink=\"https:\/\/labicharraka.cl\/tienda\/ilustracion-sin-titulo-2-2\/\" data-orig-file=\"https:\/\/i0.wp.com\/labicharraka.cl\/tienda\/wp-content\/uploads\/2022\/05\/Ilustracio%CC%81n-sin-ti%CC%81tulo-2.png?fit=3413%2C774&amp;ssl=1\" data-orig-size=\"3413,774\" data-comments-opened=\"1\" data-image-meta=\"{&quot;aperture&quot;:&quot;0&quot;,&quot;credit&quot;:&quot;&quot;,&quot;camera&quot;:&quot;&quot;,&quot;caption&quot;:&quot;&quot;,&quot;created_timestamp&quot;:&quot;0&quot;,&quot;copyright&quot;:&quot;&quot;,&quot;focal_length&quot;:&quot;0&quot;,&quot;iso&quot;:&quot;0&quot;,&quot;shutter_speed&quot;:&quot;0&quot;,&quot;title&quot;:&quot;&quot;,&quot;orientation&quot;:&quot;0&quot;}\" data-image-title=\"Ilustracio\u0301n-sin-ti\u0301tulo-2\" data-image-description=\"\" data-image-caption=\"\" data-large-file=\"https:\/\/i0.wp.com\/labicharraka.cl\/tienda\/wp-content\/uploads\/2022\/05\/Ilustracio%CC%81n-sin-ti%CC%81tulo-2.png?fit=1024%2C232&amp;ssl=1\" src=\"https:\/\/i0.wp.com\/labicharraka.cl\/tienda\/wp-content\/uploads\/2022\/05\/Ilustracio%CC%81n-sin-ti%CC%81tulo-2.png?resize=300%2C68&#038;ssl=1\" alt=\"\" class=\"wp-image-18823 alignnone size-medium\" width=\"300\" height=\"68\" srcset=\"https:\/\/i0.wp.com\/labicharraka.cl\/tienda\/wp-content\/uploads\/2022\/05\/Ilustracio%CC%81n-sin-ti%CC%81tulo-2.png?resize=300%2C68&amp;ssl=1 300w, https:\/\/i0.wp.com\/labicharraka.cl\/tienda\/wp-content\/uploads\/2022\/05\/Ilustracio%CC%81n-sin-ti%CC%81tulo-2.png?resize=1024%2C232&amp;ssl=1 1024w, https:\/\/i0.wp.com\/labicharraka.cl\/tienda\/wp-content\/uploads\/2022\/05\/Ilustracio%CC%81n-sin-ti%CC%81tulo-2.png?resize=768%2C174&amp;ssl=1 768w, https:\/\/i0.wp.com\/labicharraka.cl\/tienda\/wp-content\/uploads\/2022\/05\/Ilustracio%CC%81n-sin-ti%CC%81tulo-2.png?resize=1536%2C348&amp;ssl=1 1536w, https:\/\/i0.wp.com\/labicharraka.cl\/tienda\/wp-content\/uploads\/2022\/05\/Ilustracio%CC%81n-sin-ti%CC%81tulo-2.png?resize=2048%2C464&amp;ssl=1 2048w, https:\/\/i0.wp.com\/labicharraka.cl\/tienda\/wp-content\/uploads\/2022\/05\/Ilustracio%CC%81n-sin-ti%CC%81tulo-2.png?resize=1080%2C245&amp;ssl=1 1080w, https:\/\/i0.wp.com\/labicharraka.cl\/tienda\/wp-content\/uploads\/2022\/05\/Ilustracio%CC%81n-sin-ti%CC%81tulo-2.png?resize=1280%2C290&amp;ssl=1 1280w, https:\/\/i0.wp.com\/labicharraka.cl\/tienda\/wp-content\/uploads\/2022\/05\/Ilustracio%CC%81n-sin-ti%CC%81tulo-2.png?resize=980%2C222&amp;ssl=1 980w, https:\/\/i0.wp.com\/labicharraka.cl\/tienda\/wp-content\/uploads\/2022\/05\/Ilustracio%CC%81n-sin-ti%CC%81tulo-2.png?resize=480%2C109&amp;ssl=1 480w, https:\/\/i0.wp.com\/labicharraka.cl\/tienda\/wp-content\/uploads\/2022\/05\/Ilustracio%CC%81n-sin-ti%CC%81tulo-2.png?resize=600%2C136&amp;ssl=1 600w, https:\/\/i0.wp.com\/labicharraka.cl\/tienda\/wp-content\/uploads\/2022\/05\/Ilustracio%CC%81n-sin-ti%CC%81tulo-2.png?w=2160&amp;ssl=1 2160w, https:\/\/i0.wp.com\/labicharraka.cl\/tienda\/wp-content\/uploads\/2022\/05\/Ilustracio%CC%81n-sin-ti%CC%81tulo-2.png?w=3240&amp;ssl=1 3240w\" sizes=\"(max-width: 300px) 100vw, 300px\" \/><\/p>\n<p>[\/et_pb_text][et_pb_text _builder_version=\u00bb4.27.0&#8243; _module_preset=\u00bbdefault\u00bb text_text_color=\u00bbrgba(255,255,255,0.7)\u00bb hover_enabled=\u00bb0&#8243; text_font_size_tablet=\u00bb15px\u00bb text_font_size_phone=\u00bb14px\u00bb text_font_size_last_edited=\u00bbon|phone\u00bb header_font_size_tablet=\u00bb55px\u00bb header_font_size_last_edited=\u00bboff|desktop\u00bb locked=\u00bboff\u00bb global_colors_info=\u00bb{}\u00bb sticky_enabled=\u00bb0&#8243;]<\/p>\n<p><strong><em>Av. Italia 1514, Local 12, segundo piso,<\/em><\/strong><\/p>\n<p><strong><em>Metro Santa Isabel, Santiago.<\/em><\/strong><\/p>\n<p>&nbsp;<\/p>\n<p>[\/et_pb_text][\/et_pb_column][et_pb_column type=\u00bb1_4&#8243; _builder_version=\u00bb4.16&#8243; _module_preset=\u00bbdefault\u00bb global_colors_info=\u00bb{}\u00bb][et_pb_text _builder_version=\u00bb4.17.4&#8243; _module_preset=\u00bbdefault\u00bb header_font=\u00bb||||||||\u00bb header_5_font=\u00bbDidact Gothic||||||||\u00bb header_5_text_color=\u00bb#FFFFFF\u00bb header_5_font_size=\u00bb24px\u00bb header_5_line_height=\u00bb1.1em\u00bb custom_margin=\u00bb||10px||false|false\u00bb header_5_font_size_tablet=\u00bb16px\u00bb header_5_font_size_phone=\u00bb\u00bb header_5_font_size_last_edited=\u00bbon|desktop\u00bb header_5_line_height_tablet=\u00bb1.2em\u00bb header_5_line_height_phone=\u00bb\u00bb header_5_line_height_last_edited=\u00bbon|phone\u00bb locked=\u00bboff\u00bb global_colors_info=\u00bb{}\u00bb]<\/p>\n<h5>Tel\u00e9fono<\/h5>\n<p>[\/et_pb_text][et_pb_text _builder_version=\u00bb4.27.0&#8243; _module_preset=\u00bbdefault\u00bb text_text_color=\u00bbrgba(255,255,255,0.7)\u00bb hover_enabled=\u00bb0&#8243; text_font_size_tablet=\u00bb15px\u00bb text_font_size_phone=\u00bb14px\u00bb text_font_size_last_edited=\u00bbon|phone\u00bb header_font_size_tablet=\u00bb55px\u00bb header_font_size_last_edited=\u00bboff|desktop\u00bb locked=\u00bboff\u00bb global_colors_info=\u00bb{}\u00bb sticky_enabled=\u00bb0&#8243;]<\/p>\n<p>(+569)51163943<\/p>\n<p>[\/et_pb_text][\/et_pb_column][et_pb_column type=\u00bb1_4&#8243; _builder_version=\u00bb4.16&#8243; _module_preset=\u00bbdefault\u00bb global_colors_info=\u00bb{}\u00bb][et_pb_text _builder_version=\u00bb4.16&#8243; _module_preset=\u00bbdefault\u00bb header_font=\u00bb||||||||\u00bb header_5_font=\u00bbDidact Gothic||||||||\u00bb header_5_text_color=\u00bb#FFFFFF\u00bb header_5_font_size=\u00bb24px\u00bb header_5_line_height=\u00bb1.1em\u00bb custom_margin=\u00bb||10px||false|false\u00bb header_5_font_size_tablet=\u00bb16px\u00bb header_5_font_size_phone=\u00bb\u00bb header_5_font_size_last_edited=\u00bbon|desktop\u00bb header_5_line_height_tablet=\u00bb1.2em\u00bb header_5_line_height_phone=\u00bb\u00bb header_5_line_height_last_edited=\u00bbon|phone\u00bb locked=\u00bboff\u00bb global_colors_info=\u00bb{}\u00bb]<\/p>\n<h5>Email<\/h5>\n<p>[\/et_pb_text][et_pb_text _builder_version=\u00bb4.17.4&#8243; _module_preset=\u00bbdefault\u00bb text_text_color=\u00bbrgba(255,255,255,0.7)\u00bb link_text_color=\u00bbrgba(255,255,255,0.7)\u00bb text_font_size_tablet=\u00bb15px\u00bb text_font_size_phone=\u00bb14px\u00bb text_font_size_last_edited=\u00bbon|phone\u00bb header_font_size_tablet=\u00bb55px\u00bb header_font_size_last_edited=\u00bboff|desktop\u00bb locked=\u00bboff\u00bb global_colors_info=\u00bb{}\u00bb]<\/p>\n<p>bicharraka.dudas@gmail.com<\/p>\n<p>[\/et_pb_text][\/et_pb_column][et_pb_column type=\u00bb1_4&#8243; _builder_version=\u00bb4.16&#8243; _module_preset=\u00bbdefault\u00bb global_colors_info=\u00bb{}\u00bb][et_pb_text _builder_version=\u00bb4.17.4&#8243; _module_preset=\u00bbdefault\u00bb header_font=\u00bb||||||||\u00bb header_5_font=\u00bbDidact Gothic||||||||\u00bb header_5_text_color=\u00bb#FFFFFF\u00bb header_5_font_size=\u00bb24px\u00bb header_5_line_height=\u00bb1.1em\u00bb custom_margin=\u00bb||10px||false|false\u00bb header_5_font_size_tablet=\u00bb16px\u00bb header_5_font_size_phone=\u00bb\u00bb header_5_font_size_last_edited=\u00bbon|desktop\u00bb header_5_line_height_tablet=\u00bb1.2em\u00bb header_5_line_height_phone=\u00bb\u00bb header_5_line_height_last_edited=\u00bbon|phone\u00bb locked=\u00bboff\u00bb global_colors_info=\u00bb{}\u00bb]<\/p>\n<h5>Su\u00edguenos<\/h5>\n<p>[\/et_pb_text][et_pb_social_media_follow icon_color=\u00bbrgba(255,255,255,0.71)\u00bb _builder_version=\u00bb4.17.4&#8243; _module_preset=\u00bbdefault\u00bb text_orientation=\u00bbleft\u00bb custom_margin=\u00bb|||-10px|false|false\u00bb locked=\u00bboff\u00bb global_colors_info=\u00bb{}\u00bb][et_pb_social_media_follow_network social_network=\u00bbfacebook\u00bb url=\u00bbhttps:\/\/www.facebook.com\/La-Bicharraka-632788473411587&#8243; _builder_version=\u00bb4.17.4&#8243; _module_preset=\u00bbdefault\u00bb background_enable_color=\u00bboff\u00bb global_colors_info=\u00bb{}\u00bb follow_button=\u00bboff\u00bb url_new_window=\u00bbon\u00bb]facebook[\/et_pb_social_media_follow_network][et_pb_social_media_follow_network social_network=\u00bbinstagram\u00bb url=\u00bbhttps:\/\/www.instagram.com\/la_bicharraka\/\u00bb _builder_version=\u00bb4.17.4&#8243; _module_preset=\u00bbdefault\u00bb background_color=\u00bb#ea2c59&#8243; background_enable_color=\u00bboff\u00bb global_colors_info=\u00bb{}\u00bb follow_button=\u00bboff\u00bb url_new_window=\u00bbon\u00bb]instagram[\/et_pb_social_media_follow_network][et_pb_social_media_follow_network social_network=\u00bbtiktok\u00bb url=\u00bbhttps:\/\/vm.tiktok.com\/ZMLEW9uTw\/\u00bb _builder_version=\u00bb4.17.4&#8243; _module_preset=\u00bbdefault\u00bb background_color=\u00bb#fe2c55&#8243; background_enable_color=\u00bboff\u00bb global_colors_info=\u00bb{}\u00bb follow_button=\u00bboff\u00bb url_new_window=\u00bbon\u00bb]tiktok[\/et_pb_social_media_follow_network][\/et_pb_social_media_follow][\/et_pb_column][\/et_pb_row][et_pb_row column_structure=\u00bb1_4,1_4,1_2&#8243; _builder_version=\u00bb4.16&#8243; _module_preset=\u00bbdefault\u00bb global_colors_info=\u00bb{}\u00bb][et_pb_column type=\u00bb1_4&#8243; _builder_version=\u00bb4.16&#8243; _module_preset=\u00bbdefault\u00bb global_colors_info=\u00bb{}\u00bb][\/et_pb_column][et_pb_column type=\u00bb1_4&#8243; _builder_version=\u00bb4.16&#8243; _module_preset=\u00bbdefault\u00bb global_colors_info=\u00bb{}\u00bb][et_pb_text _builder_version=\u00bb4.17.4&#8243; _module_preset=\u00bbdefault\u00bb header_font=\u00bb||||||||\u00bb header_5_font=\u00bbDidact Gothic||||||||\u00bb header_5_text_color=\u00bb#FFFFFF\u00bb header_5_font_size=\u00bb24px\u00bb header_5_line_height=\u00bb1.1em\u00bb custom_margin=\u00bb||10px||false|false\u00bb header_5_font_size_tablet=\u00bb16px\u00bb header_5_font_size_phone=\u00bb\u00bb header_5_font_size_last_edited=\u00bbon|desktop\u00bb header_5_line_height_tablet=\u00bb1.2em\u00bb header_5_line_height_phone=\u00bb\u00bb header_5_line_height_last_edited=\u00bbon|phone\u00bb locked=\u00bboff\u00bb global_colors_info=\u00bb{}\u00bb]<\/p>\n<h5>Enlaces r\u00e1pidos<\/h5>\n<p>[\/et_pb_text][et_pb_text _builder_version=\u00bb4.17.4&#8243; _module_preset=\u00bbdefault\u00bb text_text_color=\u00bb#8300E9&#8243; global_colors_info=\u00bb{}\u00bb]<\/p>\n<p><a href=\"https:\/\/labicharraka.cl\/tienda\/preguntas-frecuentes\/\" target=\"_blank\" rel=\"noopener\" title=\"Preguntas fracuentes\">Preguntas frecuentes<\/a><\/p>\n<p><a href=\"https:\/\/labicharraka.cl\/tienda\/new\/\" title=\"New\">New<\/a><\/p>\n<p><a href=\"https:\/\/labicharraka.cl\/tienda\/ropa\/\" title=\"Ropa\">Ropa<\/a><\/p>\n<p><a href=\"https:\/\/labicharraka.cl\/tienda\/accesorios\/\" title=\"Accesorios\">Accesorios<\/a><\/p>\n<p><a href=\"https:\/\/labicharraka.cl\/tienda\/extras\/\" title=\"Extras\">Extras<\/a><\/p>\n<p><a href=\"https:\/\/labicharraka.cl\/tienda\/categoria-producto\/ofertas\/\" title=\"CYBER DAY\">CYBER DAY<\/a><\/p>\n<p>[\/et_pb_text][\/et_pb_column][et_pb_column type=\u00bb1_2&#8243; _builder_version=\u00bb4.16&#8243; _module_preset=\u00bbdefault\u00bb global_colors_info=\u00bb{}\u00bb][et_pb_text _builder_version=\u00bb4.17.4&#8243; _module_preset=\u00bbdefault\u00bb header_font=\u00bb||||||||\u00bb header_5_font=\u00bbDidact Gothic||||||||\u00bb header_5_text_color=\u00bb#FFFFFF\u00bb header_5_font_size=\u00bb24px\u00bb header_5_line_height=\u00bb1.1em\u00bb custom_margin=\u00bb||10px||false|false\u00bb header_5_font_size_tablet=\u00bb16px\u00bb header_5_font_size_phone=\u00bb\u00bb header_5_font_size_last_edited=\u00bbon|desktop\u00bb header_5_line_height_tablet=\u00bb1.2em\u00bb header_5_line_height_phone=\u00bb\u00bb header_5_line_height_last_edited=\u00bbon|phone\u00bb locked=\u00bboff\u00bb global_colors_info=\u00bb{}\u00bb]<\/p>\n<h5>Subscr\u00edbete<\/h5>\n<p>[\/et_pb_text][et_pb_signup mailchimp_list=\u00bbelegantthemestest|1ea2bbd026&#8243; layout=\u00bbtop_bottom\u00bb first_name_field=\u00bboff\u00bb last_name_field=\u00bboff\u00bb _builder_version=\u00bb4.16&#8243; _module_preset=\u00bbdefault\u00bb form_field_background_color=\u00bbRGBA(0,0,0,0)\u00bb form_field_text_color=\u00bb#FFFFFF\u00bb form_field_font=\u00bb|700||on|||||\u00bb form_field_font_size=\u00bb12px\u00bb form_field_letter_spacing=\u00bb2px\u00bb form_field_line_height=\u00bb1.8em\u00bb use_background_color=\u00bboff\u00bb custom_button=\u00bbon\u00bb button_text_size=\u00bb12px\u00bb button_text_color=\u00bb#000000&#8243; button_bg_color=\u00bb#FFFFFF\u00bb button_border_width=\u00bb0px\u00bb button_border_radius=\u00bb0px\u00bb button_letter_spacing=\u00bb2px\u00bb button_font=\u00bb|700||on|||||\u00bb button_custom_padding=\u00bb15px|30px|15px|30px|true|true\u00bb border_radii_fields=\u00bbon|0px|0px|0px|0px\u00bb border_width_all_fields=\u00bb1px\u00bb border_color_all_fields=\u00bb#FFFFFF\u00bb locked=\u00bboff\u00bb global_colors_info=\u00bb{}\u00bb][\/et_pb_signup][\/et_pb_column][\/et_pb_row][\/et_pb_section]<\/p>\n","protected":false},"excerpt":{"rendered":"<p>CONTACTO-CONTACTO-CONTACTOAv. Italia 1514, Local 12, segundo piso, Metro Santa Isabel, Santiago. &nbsp;Tel\u00e9fono(+569)51163943Emailbicharraka.dudas@gmail.comSu\u00edguenosEnlaces r\u00e1pidosPreguntas frecuentes New Ropa Accesorios Extras CYBER DAYSubscr\u00edbete<\/p>\n","protected":false},"author":1,"featured_media":0,"parent":0,"menu_order":0,"comment_status":"closed","ping_status":"closed","template":"","meta":{"_et_pb_use_builder":"on","_et_pb_old_content":"<!-- wp:paragraph {\"align\":\"left\",\"backgroundColor\":\"black\",\"textColor\":\"very-light-gray\",\"className\":\"has-text-align-center\"} -->\n<p class=\"has-text-align-left has-text-align-center has-very-light-gray-color has-black-background-color has-text-color has-background\">Nos puedes escribir por dudas de tu pedido solo por correo electr\u00f3nico.<\/p>\n<!-- \/wp:paragraph -->\n\n<!-- wp:paragraph {\"align\":\"left\",\"backgroundColor\":\"black\",\"textColor\":\"very-light-gray\",\"className\":\"has-text-align-center\"} -->\n<p class=\"has-text-align-left has-text-align-center has-very-light-gray-color has-black-background-color has-text-color has-background\">Instagram: <a href=\"https:\/\/instagram.com\/la_bicharraka\">https:\/\/instagram.com\/la_bicharraka<\/a><br>Correo electr\u00f3nico: bicharraka.dudas@gmail.com <\/p>\n<!-- \/wp:paragraph -->\n\n<!-- wp:paragraph {\"align\":\"left\",\"backgroundColor\":\"black\",\"textColor\":\"very-light-gray\",\"className\":\"has-text-align-center\"} -->\n<p class=\"has-text-align-left has-text-align-center has-very-light-gray-color has-black-background-color has-text-color has-background\">Horario de atenci\u00f3n v\u00eda mail : Lunes a Viernes de 12:00\u00a0a 20:00 horas<\/p>\n<!-- \/wp:paragraph -->\n\n<!-- wp:separator {\"color\":\"black\",\"className\":\"is-style-default\"} -->\n<hr class=\"wp-block-separator has-text-color has-background has-black-background-color has-black-color is-style-default\"\/>\n<!-- \/wp:separator -->\n\n<!-- wp:jetpack\/contact-form {\"subject\":\"Contacto Web\",\"to\":\"contacto@labicharraka.cl\",\"customThankyou\":\"message\",\"customThankyouMessage\":\"\u00a1Gracias por tu mensaje!nPronto nos pondremos en contacto contigo.\"} -->\n<!-- wp:jetpack\/field-name {\"label\":\"NOMBRE\",\"required\":true} \/-->\n\n<!-- wp:jetpack\/field-email {\"label\":\"EMAIL\",\"required\":true} \/-->\n\n<!-- wp:jetpack\/field-text {\"label\":\"ASUNTO\"} \/-->\n\n<!-- wp:jetpack\/field-textarea {\"label\":\"MENSAJE\",\"required\":true} \/-->\n\n<!-- wp:jetpack\/button {\"element\":\"button\",\"text\":\"ENVIAR\",\"backgroundColor\":\"black\"} \/-->\n<!-- \/wp:jetpack\/contact-form -->","_et_gb_content_width":"","footnotes":""},"class_list":["post-164","page","type-page","status-publish","hentry"],"jetpack_sharing_enabled":true,"_links":{"self":[{"href":"https:\/\/labicharraka.cl\/tienda\/wp-json\/wp\/v2\/pages\/164","targetHints":{"allow":["GET"]}}],"collection":[{"href":"https:\/\/labicharraka.cl\/tienda\/wp-json\/wp\/v2\/pages"}],"about":[{"href":"https:\/\/labicharraka.cl\/tienda\/wp-json\/wp\/v2\/types\/page"}],"author":[{"embeddable":true,"href":"https:\/\/labicharraka.cl\/tienda\/wp-json\/wp\/v2\/users\/1"}],"replies":[{"embeddable":true,"href":"https:\/\/labicharraka.cl\/tienda\/wp-json\/wp\/v2\/comments?post=164"}],"version-history":[{"count":18,"href":"https:\/\/labicharraka.cl\/tienda\/wp-json\/wp\/v2\/pages\/164\/revisions"}],"predecessor-version":[{"id":22974,"href":"https:\/\/labicharraka.cl\/tienda\/wp-json\/wp\/v2\/pages\/164\/revisions\/22974"}],"wp:attachment":[{"href":"https:\/\/labicharraka.cl\/tienda\/wp-json\/wp\/v2\/media?parent=164"}],"curies":[{"name":"wp","href":"https:\/\/api.w.org\/{rel}","templated":true}]}}